{"id":2659,"date":"2025-01-11T15:51:38","date_gmt":"2025-01-11T13:51:38","guid":{"rendered":"https:\/\/www.pascalothats.com\/blog-styles-2\/"},"modified":"2025-03-29T15:34:10","modified_gmt":"2025-03-29T13:34:10","slug":"importation","status":"publish","type":"page","link":"https:\/\/www.pascalothats.com\/?page_id=2659","title":{"rendered":"Importation"},"content":{"rendered":"\t\t<div data-elementor-type=\"wp-page\" data-elementor-id=\"2659\" class=\"elementor elementor-2659\">\n\t\t\t\t<div class=\"elementor-element elementor-element-a6c4f80 e-flex e-con-boxed e-con e-parent\" data-id=\"a6c4f80\" data-element_type=\"container\">\n\t\t\t\t\t<div class=\"e-con-inner\">\n\t\t\t\t<div class=\"elementor-element elementor-element-57ac9b2 elementor-widget elementor-widget-heading\" data-id=\"57ac9b2\" data-element_type=\"widget\" data-widget_type=\"heading.default\">\n\t\t\t\t<div class=\"elementor-widget-container\">\n\t\t\t<style>\/*! elementor - v3.23.0 - 15-07-2024 *\/\n.elementor-heading-title{padding:0;margin:0;line-height:1}.elementor-widget-heading .elementor-heading-title[class*=elementor-size-]>a{color:inherit;font-size:inherit;line-height:inherit}.elementor-widget-heading .elementor-heading-title.elementor-size-small{font-size:15px}.elementor-widget-heading .elementor-heading-title.elementor-size-medium{font-size:19px}.elementor-widget-heading .elementor-heading-title.elementor-size-large{font-size:29px}.elementor-widget-heading .elementor-heading-title.elementor-size-xl{font-size:39px}.elementor-widget-heading .elementor-heading-title.elementor-size-xxl{font-size:59px}<\/style><h3 class=\"elementor-heading-title elementor-size-default\"><br\/>\nPRODUITS IMPORT\u00c9S DIRECT USINE<\/h3>\t\t<\/div>\n\t\t\t\t<\/div>\n\t\t\t\t\t<\/div>\n\t\t\t\t<\/div>\n\t\t<div class=\"elementor-element elementor-element-8c114af e-flex e-con-boxed e-con e-parent\" data-id=\"8c114af\" data-element_type=\"container\">\n\t\t\t\t\t<div class=\"e-con-inner\">\n\t\t\t\t<div class=\"elementor-element elementor-element-21ac1a6 elementor-widget elementor-widget-heading\" data-id=\"21ac1a6\" data-element_type=\"widget\" data-widget_type=\"heading.default\">\n\t\t\t\t<div class=\"elementor-widget-container\">\n\t\t\t<span class=\"elementor-heading-title elementor-size-default\">Nous sommes membre de la CCI LUSO FRAN\u00c7AISE au Portugal<\/span>\t\t<\/div>\n\t\t\t\t<\/div>\n\t\t\t\t\t<\/div>\n\t\t\t\t<\/div>\n\t\t<div class=\"elementor-element elementor-element-3b7a73a e-flex e-con-boxed e-con e-parent\" data-id=\"3b7a73a\" data-element_type=\"container\">\n\t\t\t\t\t<div class=\"e-con-inner\">\n\t\t\t\t<div class=\"elementor-element elementor-element-d84292d elementor-widget elementor-widget-heading\" data-id=\"d84292d\" data-element_type=\"widget\" data-widget_type=\"heading.default\">\n\t\t\t\t<div class=\"elementor-widget-container\">\n\t\t\t<div class=\"elementor-heading-title elementor-size-default\"><br\/><br\/><br\/>\nNous proposons des produits import\u00e9s directement d\u2019usine, garantissant des prix comp\u00e9titifs et une qualit\u00e9 optimale. En tant que membre de la CCI Luso-Fran\u00e7aise au Portugal, nous facilitons les \u00e9changes commerciaux entre la France et le Portugal, assurant une transparence totale et une logistique efficace pour r\u00e9pondre aux besoins de nos clients.\n\n\n\u200b<\/div>\t\t<\/div>\n\t\t\t\t<\/div>\n\t\t\t\t\t<\/div>\n\t\t\t\t<\/div>\n\t\t<div class=\"elementor-element elementor-element-a089b06 e-grid e-con-boxed e-con e-parent\" data-id=\"a089b06\" data-element_type=\"container\">\n\t\t\t\t\t<div class=\"e-con-inner\">\n\t\t\t\t<div class=\"elementor-element elementor-element-a9c04b4 elementor-widget elementor-widget-image\" data-id=\"a9c04b4\" data-element_type=\"widget\" data-widget_type=\"image.default\">\n\t\t\t\t<div class=\"elementor-widget-container\">\n\t\t\t<style>\/*! elementor - v3.23.0 - 15-07-2024 *\/\n.elementor-widget-image{text-align:center}.elementor-widget-image a{display:inline-block}.elementor-widget-image a img[src$=\".svg\"]{width:48px}.elementor-widget-image img{vertical-align:middle;display:inline-block}<\/style>\t\t\t\t\t\t\t\t\t\t<img decoding=\"async\" src=\"https:\/\/www.pascalothats.com\/wp-content\/uploads\/2020\/08\/20200804_084621824_iOS.jpg\" title=\"20200804_084621824_iOS\" alt=\"FABRICATION CUISINE\" loading=\"lazy\" \/>\t\t\t\t\t\t\t\t\t\t\t\t\t<\/div>\n\t\t\t\t<\/div>\n\t\t\t\t<div class=\"elementor-element elementor-element-18996f9 elementor-widget elementor-widget-image\" data-id=\"18996f9\" data-element_type=\"widget\" data-widget_type=\"image.default\">\n\t\t\t\t<div class=\"elementor-widget-container\">\n\t\t\t\t\t\t\t\t\t\t\t\t\t<img decoding=\"async\" src=\"https:\/\/www.pascalothats.com\/wp-content\/uploads\/2020\/08\/20200807_130355714_iOS.jpg\" title=\"20200807_130355714_iOS\" alt=\"20200807_130355714_iOS\" loading=\"lazy\" \/>\t\t\t\t\t\t\t\t\t\t\t\t\t<\/div>\n\t\t\t\t<\/div>\n\t\t\t\t\t<\/div>\n\t\t\t\t<\/div>\n\t\t<div class=\"elementor-element elementor-element-846d8b3 e-grid e-con-boxed e-con e-parent\" data-id=\"846d8b3\" data-element_type=\"container\">\n\t\t\t\t\t<div class=\"e-con-inner\">\n\t\t\t\t<div class=\"elementor-element elementor-element-7cc2bfd elementor-widget elementor-widget-image\" data-id=\"7cc2bfd\" data-element_type=\"widget\" data-widget_type=\"image.default\">\n\t\t\t\t<div class=\"elementor-widget-container\">\n\t\t\t\t\t\t\t\t\t\t\t\t\t<img decoding=\"async\" src=\"https:\/\/www.pascalothats.com\/wp-content\/uploads\/2025\/02\/WhatsApp-Image-2025-01-31-at-17.07.07-1.jpeg\" title=\"produit importation\" alt=\"produit importation\" loading=\"lazy\" \/>\t\t\t\t\t\t\t\t\t\t\t\t\t<\/div>\n\t\t\t\t<\/div>\n\t\t\t\t<div class=\"elementor-element elementor-element-2fcb96f elementor-widget elementor-widget-image\" data-id=\"2fcb96f\" data-element_type=\"widget\" data-widget_type=\"image.default\">\n\t\t\t\t<div class=\"elementor-widget-container\">\n\t\t\t\t\t\t\t\t\t\t\t\t\t<img decoding=\"async\" src=\"https:\/\/www.pascalothats.com\/wp-content\/uploads\/2025\/02\/WhatsApp-Image-2025-01-31-at-17.08.07-5.jpeg\" title=\"produit importation\" alt=\"produit importation\" loading=\"lazy\" \/>\t\t\t\t\t\t\t\t\t\t\t\t\t<\/div>\n\t\t\t\t<\/div>\n\t\t\t\t<div class=\"elementor-element elementor-element-bb86e39 elementor-widget elementor-widget-image\" data-id=\"bb86e39\" data-element_type=\"widget\" data-widget_type=\"image.default\">\n\t\t\t\t<div class=\"elementor-widget-container\">\n\t\t\t\t\t\t\t\t\t\t\t\t\t<img decoding=\"async\" src=\"https:\/\/www.pascalothats.com\/wp-content\/uploads\/2025\/02\/WhatsApp-Image-2025-01-31-at-17.08.07-7.jpeg\" title=\"produit importation\" alt=\"produit importation\" loading=\"lazy\" \/>\t\t\t\t\t\t\t\t\t\t\t\t\t<\/div>\n\t\t\t\t<\/div>\n\t\t\t\t<div class=\"elementor-element elementor-element-7b491a1 elementor-widget elementor-widget-image\" data-id=\"7b491a1\" data-element_type=\"widget\" data-widget_type=\"image.default\">\n\t\t\t\t<div class=\"elementor-widget-container\">\n\t\t\t\t\t\t\t\t\t\t\t\t\t<img decoding=\"async\" src=\"https:\/\/www.pascalothats.com\/wp-content\/uploads\/2025\/02\/WhatsApp-Image-2025-01-31-at-17.08.07-11.jpeg\" title=\"produit importation\" alt=\"produit importation\" loading=\"lazy\" \/>\t\t\t\t\t\t\t\t\t\t\t\t\t<\/div>\n\t\t\t\t<\/div>\n\t\t\t\t<div class=\"elementor-element elementor-element-5fd5fa2 elementor-widget elementor-widget-image\" data-id=\"5fd5fa2\" data-element_type=\"widget\" data-widget_type=\"image.default\">\n\t\t\t\t<div class=\"elementor-widget-container\">\n\t\t\t\t\t\t\t\t\t\t\t\t\t<img decoding=\"async\" src=\"https:\/\/www.pascalothats.com\/wp-content\/uploads\/2025\/02\/WhatsApp-Image-2025-01-31-at-17.10.34-16.jpeg\" title=\"importation escaliers\" alt=\"importation escaliers\" loading=\"lazy\" \/>\t\t\t\t\t\t\t\t\t\t\t\t\t<\/div>\n\t\t\t\t<\/div>\n\t\t\t\t<div class=\"elementor-element elementor-element-53d6d6e elementor-widget elementor-widget-image\" data-id=\"53d6d6e\" data-element_type=\"widget\" data-widget_type=\"image.default\">\n\t\t\t\t<div class=\"elementor-widget-container\">\n\t\t\t\t\t\t\t\t\t\t\t\t\t<img decoding=\"async\" src=\"https:\/\/www.pascalothats.com\/wp-content\/uploads\/2025\/02\/WhatsApp-Image-2025-01-31-at-17.21.22.jpeg\" title=\"importation escaliers\" alt=\"importation escaliers\" loading=\"lazy\" \/>\t\t\t\t\t\t\t\t\t\t\t\t\t<\/div>\n\t\t\t\t<\/div>\n\t\t\t\t<div class=\"elementor-element elementor-element-7bfcfc7 elementor-widget elementor-widget-image\" data-id=\"7bfcfc7\" data-element_type=\"widget\" data-widget_type=\"image.default\">\n\t\t\t\t<div class=\"elementor-widget-container\">\n\t\t\t\t\t\t\t\t\t\t\t\t\t<img decoding=\"async\" src=\"https:\/\/www.pascalothats.com\/wp-content\/uploads\/2025\/02\/WhatsApp-Image-2025-01-31-at-17.11.29.jpeg\" title=\"importation meubles\" alt=\"importation meubles\" loading=\"lazy\" \/>\t\t\t\t\t\t\t\t\t\t\t\t\t<\/div>\n\t\t\t\t<\/div>\n\t\t\t\t<div class=\"elementor-element elementor-element-cf4e77b elementor-widget elementor-widget-image\" data-id=\"cf4e77b\" data-element_type=\"widget\" data-widget_type=\"image.default\">\n\t\t\t\t<div class=\"elementor-widget-container\">\n\t\t\t\t\t\t\t\t\t\t\t\t\t<img decoding=\"async\" src=\"https:\/\/www.pascalothats.com\/wp-content\/uploads\/2025\/02\/WhatsApp-Image-2025-01-31-at-17.10.34-14.jpeg\" title=\"importation spa\" alt=\"importation spa\" loading=\"lazy\" \/>\t\t\t\t\t\t\t\t\t\t\t\t\t<\/div>\n\t\t\t\t<\/div>\n\t\t\t\t<div class=\"elementor-element elementor-element-e95c297 elementor-widget elementor-widget-image\" data-id=\"e95c297\" data-element_type=\"widget\" data-widget_type=\"image.default\">\n\t\t\t\t<div class=\"elementor-widget-container\">\n\t\t\t\t\t\t\t\t\t\t\t\t\t<img decoding=\"async\" src=\"https:\/\/www.pascalothats.com\/wp-content\/uploads\/2025\/02\/WhatsApp-Image-2025-01-31-at-17.10.34-15-1.jpeg\" title=\"importation spa\" alt=\"importation spa\" loading=\"lazy\" \/>\t\t\t\t\t\t\t\t\t\t\t\t\t<\/div>\n\t\t\t\t<\/div>\n\t\t\t\t\t<\/div>\n\t\t\t\t<\/div>\n\t\t<div class=\"elementor-element elementor-element-8aabf13 e-flex e-con-boxed e-con e-parent\" data-id=\"8aabf13\" data-element_type=\"container\">\n\t\t\t\t\t<div class=\"e-con-inner\">\n\t\t\t\t<div class=\"elementor-element elementor-element-9b629bf elementor-widget elementor-widget-heading\" data-id=\"9b629bf\" data-element_type=\"widget\" data-widget_type=\"heading.default\">\n\t\t\t\t<div class=\"elementor-widget-container\">\n\t\t\t<div class=\"elementor-heading-title elementor-size-default\"><br><br><br>\n<div><div data-message-author-role=\"assistant\" data-message-id=\"f3c53921-7f5d-40ab-a39c-a270140f45fc\" dir=\"auto\" data-message-model-slug=\"gpt-4o\"><div><div><p>Gr\u00e2ce \u00e0 notre partenariat avec des fabricants de renom, nous offrons une s\u00e9lection de produits alliant excellence et comp\u00e9titivit\u00e9, directement issus des usines. Notre adh\u00e9sion \u00e0 la CCI Luso-Fran\u00e7aise au Portugal renforce notre engagement \u00e0 fluidifier les \u00e9changes commerciaux entre la France et le Portugal, garantissant ainsi un service fiable, transparent et parfaitement optimis\u00e9. Nous mettons un point d'honneur \u00e0 assurer une logistique performante, permettant \u00e0 nos clients de b\u00e9n\u00e9ficier de solutions adapt\u00e9es \u00e0 leurs besoins, avec une r\u00e9activit\u00e9 et une efficacit\u00e9 sans compromis.<\/p><\/div><\/div><\/div><\/div>\n<\/div>\t\t<\/div>\n\t\t\t\t<\/div>\n\t\t\t\t\t<\/div>\n\t\t\t\t<\/div>\n\t\t\t\t<\/div>\n\t\t","protected":false},"excerpt":{"rendered":"<p>PRODUITS IMPORT\u00c9S DIRECT USINE Nous sommes membre de la CCI LUSO FRAN\u00c7AISE au Portugal Nous proposons des produits import\u00e9s directement d\u2019usine, garantissant des prix comp\u00e9titifs et une qualit\u00e9 optimale. En tant que membre de la CCI Luso-Fran\u00e7aise au Portugal, nous facilitons les \u00e9changes commerciaux entre la France et le Portugal, assurant une transparence totale et [&hellip;]<\/p>\n","protected":false},"author":1,"featured_media":3363,"parent":0,"menu_order":20,"comment_status":"closed","ping_status":"closed","template":"","meta":{"footnotes":""},"class_list":["post-2659","page","type-page","status-publish","has-post-thumbnail","hentry"],"_links":{"self":[{"href":"https:\/\/www.pascalothats.com\/index.php?rest_route=\/wp\/v2\/pages\/2659","targetHints":{"allow":["GET"]}}],"collection":[{"href":"https:\/\/www.pascalothats.com\/index.php?rest_route=\/wp\/v2\/pages"}],"about":[{"href":"https:\/\/www.pascalothats.com\/index.php?rest_route=\/wp\/v2\/types\/page"}],"author":[{"embeddable":true,"href":"https:\/\/www.pascalothats.com\/index.php?rest_route=\/wp\/v2\/users\/1"}],"replies":[{"embeddable":true,"href":"https:\/\/www.pascalothats.com\/index.php?rest_route=%2Fwp%2Fv2%2Fcomments&post=2659"}],"version-history":[{"count":101,"href":"https:\/\/www.pascalothats.com\/index.php?rest_route=\/wp\/v2\/pages\/2659\/revisions"}],"predecessor-version":[{"id":3372,"href":"https:\/\/www.pascalothats.com\/index.php?rest_route=\/wp\/v2\/pages\/2659\/revisions\/3372"}],"wp:featuredmedia":[{"embeddable":true,"href":"https:\/\/www.pascalothats.com\/index.php?rest_route=\/wp\/v2\/media\/3363"}],"wp:attachment":[{"href":"https:\/\/www.pascalothats.com\/index.php?rest_route=%2Fwp%2Fv2%2Fmedia&parent=2659"}],"curies":[{"name":"wp","href":"https:\/\/api.w.org\/{rel}","templated":true}]}}