{"id":2049,"date":"2022-06-06T08:28:47","date_gmt":"2022-06-06T08:28:47","guid":{"rendered":"https:\/\/preview.codeless.co\/bygge\/default\/?page_id=2049"},"modified":"2025-03-15T13:58:12","modified_gmt":"2025-03-15T11:58:12","slug":"our-clients","status":"publish","type":"page","link":"https:\/\/www.pascalothats.com\/?page_id=2049","title":{"rendered":"Nos clients"},"content":{"rendered":"\t\t<div data-elementor-type=\"wp-page\" data-elementor-id=\"2049\" class=\"elementor elementor-2049\">\n\t\t\t\t\t\t<section class=\"elementor-section elementor-top-section elementor-element elementor-element-1320b68 elementor-section-stretched elementor-section-boxed elementor-section-height-default elementor-section-height-default\" data-id=\"1320b68\" data-element_type=\"section\" data-settings=\"{&quot;background_background&quot;:&quot;classic&quot;,&quot;stretch_section&quot;:&quot;section-stretched&quot;}\">\n\t\t\t\t\t\t<div class=\"elementor-container elementor-column-gap-default\">\n\t\t\t\t\t<div class=\"elementor-column elementor-col-100 elementor-top-column elementor-element elementor-element-2ad5cf3\" data-id=\"2ad5cf3\" data-element_type=\"column\">\n\t\t\t<div class=\"elementor-widget-wrap elementor-element-populated\">\n\t\t\t\t\t\t<div class=\"elementor-element elementor-element-0547a8a elementor-widget elementor-widget-heading\" data-id=\"0547a8a\" data-element_type=\"widget\" data-widget_type=\"heading.default\">\n\t\t\t\t<div class=\"elementor-widget-container\">\n\t\t\t<style>\/*! elementor - v3.23.0 - 15-07-2024 *\/\n.elementor-heading-title{padding:0;margin:0;line-height:1}.elementor-widget-heading .elementor-heading-title[class*=elementor-size-]>a{color:inherit;font-size:inherit;line-height:inherit}.elementor-widget-heading .elementor-heading-title.elementor-size-small{font-size:15px}.elementor-widget-heading .elementor-heading-title.elementor-size-medium{font-size:19px}.elementor-widget-heading .elementor-heading-title.elementor-size-large{font-size:29px}.elementor-widget-heading .elementor-heading-title.elementor-size-xl{font-size:39px}.elementor-widget-heading .elementor-heading-title.elementor-size-xxl{font-size:59px}<\/style><div class=\"elementor-heading-title elementor-size-default\">Nos clients<\/div>\t\t<\/div>\n\t\t\t\t<\/div>\n\t\t\t\t<div class=\"elementor-element elementor-element-26c9861 elementor-widget elementor-widget-heading\" data-id=\"26c9861\" data-element_type=\"widget\" data-widget_type=\"heading.default\">\n\t\t\t\t<div class=\"elementor-widget-container\">\n\t\t\t<h2 class=\"elementor-heading-title elementor-size-default\">Des solutions pour construire, g\u00e9rer et restaurer, avec la satisfaction client au c\u0153ur<\/h2>\t\t<\/div>\n\t\t\t\t<\/div>\n\t\t\t\t<div class=\"elementor-element elementor-element-2bf85ee elementor-widget elementor-widget-text-editor\" data-id=\"2bf85ee\" data-element_type=\"widget\" data-widget_type=\"text-editor.default\">\n\t\t\t\t<div class=\"elementor-widget-container\">\n\t\t\t<style>\/*! elementor - v3.23.0 - 15-07-2024 *\/\n.elementor-widget-text-editor.elementor-drop-cap-view-stacked .elementor-drop-cap{background-color:#69727d;color:#fff}.elementor-widget-text-editor.elementor-drop-cap-view-framed .elementor-drop-cap{color:#69727d;border:3px solid;background-color:transparent}.elementor-widget-text-editor:not(.elementor-drop-cap-view-default) .elementor-drop-cap{margin-top:8px}.elementor-widget-text-editor:not(.elementor-drop-cap-view-default) .elementor-drop-cap-letter{width:1em;height:1em}.elementor-widget-text-editor .elementor-drop-cap{float:left;text-align:center;line-height:1;font-size:50px}.elementor-widget-text-editor .elementor-drop-cap-letter{display:inline-block}<\/style>\t\t\t\t<div class=\"mb-2 flex gap-3 empty:hidden -ml-2\"><div class=\"items-center justify-start rounded-xl p-1 flex\"><div class=\"flex items-center\"><div class=\"flex items-center pb-0\">Nous sommes une entreprise ind\u00e9pendante et de confiance, sp\u00e9cialis\u00e9e dans les services de construction et les am\u00e9liorations de l&rsquo;habitat. Avec une vaste exp\u00e9rience sur des projets de toutes tailles \u2013 de l&rsquo;entretien aux r\u00e9novations, extensions et nouvelles constructions \u2013 nous pla\u00e7ons la satisfaction de nos clients au c\u0153ur de nos priorit\u00e9s.<\/div><\/div><\/div><\/div>\t\t\t\t\t\t<\/div>\n\t\t\t\t<\/div>\n\t\t\t\t\t<\/div>\n\t\t<\/div>\n\t\t\t\t\t<\/div>\n\t\t<\/section>\n\t\t\t\t<section class=\"elementor-section elementor-top-section elementor-element elementor-element-0c9e855 elementor-section-stretched elementor-section-boxed elementor-section-height-default elementor-section-height-default\" data-id=\"0c9e855\" data-element_type=\"section\" data-settings=\"{&quot;stretch_section&quot;:&quot;section-stretched&quot;,&quot;background_background&quot;:&quot;classic&quot;}\">\n\t\t\t\t\t\t<div class=\"elementor-container elementor-column-gap-default\">\n\t\t\t\t\t<div class=\"elementor-column elementor-col-100 elementor-top-column elementor-element elementor-element-a8d21bf\" data-id=\"a8d21bf\" data-element_type=\"column\">\n\t\t\t<div class=\"elementor-widget-wrap elementor-element-populated\">\n\t\t\t\t\t\t<div class=\"elementor-element elementor-element-71339fb elementor-widget elementor-widget-heading\" data-id=\"71339fb\" data-element_type=\"widget\" data-widget_type=\"heading.default\">\n\t\t\t\t<div class=\"elementor-widget-container\">\n\t\t\t<div class=\"elementor-heading-title elementor-size-default\">NOS SERVICES<\/div>\t\t<\/div>\n\t\t\t\t<\/div>\n\t\t\t\t<div class=\"elementor-element elementor-element-425fb95 elementor-widget elementor-widget-heading\" data-id=\"425fb95\" data-element_type=\"widget\" data-widget_type=\"heading.default\">\n\t\t\t\t<div class=\"elementor-widget-container\">\n\t\t\t<h2 class=\"elementor-heading-title elementor-size-default\">Nous offrons<\/h2>\t\t<\/div>\n\t\t\t\t<\/div>\n\t\t\t\t<section class=\"elementor-section elementor-inner-section elementor-element elementor-element-6f38e05 elementor-section-boxed elementor-section-height-default elementor-section-height-default\" data-id=\"6f38e05\" data-element_type=\"section\">\n\t\t\t\t\t\t<div class=\"elementor-container elementor-column-gap-default\">\n\t\t\t\t\t<div class=\"elementor-column elementor-col-25 elementor-inner-column elementor-element elementor-element-fdaba67\" data-id=\"fdaba67\" data-element_type=\"column\">\n\t\t\t<div class=\"elementor-widget-wrap elementor-element-populated\">\n\t\t\t\t\t\t<div class=\"elementor-element elementor-element-2d0e5e2 elementor-invisible elementor-widget elementor-widget-service-box\" data-id=\"2d0e5e2\" data-element_type=\"widget\" data-settings=\"{&quot;_animation&quot;:&quot;fadeInUp&quot;,&quot;_animation_delay&quot;:300}\" data-widget_type=\"service-box.default\">\n\t\t\t\t<div class=\"elementor-widget-container\">\n\t\t\t\t\t<div class=\"ce-service-box \">\r\n            <div class=\"service-wrapper\">            \r\n                <div class=\"service-content\">\r\n\t\t\t\t\t<div class=\"icon\">\r\n\t\t\t\t\t\t<svg xmlns=\"http:\/\/www.w3.org\/2000\/svg\" id=\"Capa_1\" height=\"512\" viewBox=\"0 0 607.775 607.775\" width=\"512\"><g><g id=\"Page-1_5_\"><g id=\"_x30_06---Draw-Blueprint\"><path id=\"Shape_17_\" d=\"m607.772 60.352c.037-8.254-3.248-16.176-9.117-21.981l-29.253-29.254c-5.778-5.841-13.654-9.124-21.87-9.117h-.101c-8.166.005-15.987 3.29-21.708 9.117l-132.696 132.696h-261.341v-111.424c0-16.784-13.606-30.389-30.389-30.389h-20.259c-44.734.05-80.986 36.302-81.036 81.036v448.241c2.535 44.393 39.511 78.955 83.974 78.493h493.408c16.783 0 30.388-13.605 30.388-30.388v-405.18c0-16.783-13.605-30.389-30.388-30.389h-38.492l59.764-59.764c5.815-5.724 9.098-13.537 9.116-21.697zm-245.336 192.886c-2.144.292-4.299-.462-5.794-2.026-1.508-1.498-2.253-3.6-2.026-5.713l3.839-34.44c.161-.72.364-1.431.608-2.127l39.9 39.9c-.658.142-1.256.466-1.945.547zm53.068-16.542-44.327-44.337 110.412-110.411 44.306 44.296zm80.368-169.082 15.022-15.012 44.286 44.296-15.012 15.022zm-475.611 13.422c.034-33.552 27.225-60.744 60.777-60.777h20.259c5.594 0 10.13 4.535 10.13 10.129v405.18c0 5.594-4.535 10.129-10.13 10.129h-20.259c-23.271-.007-45.417 10.01-60.777 27.491zm557.123 81.036c5.594 0 10.13 4.535 10.13 10.13v405.18c0 5.594-4.535 10.13-10.13 10.13h-493.408c-33.44.562-61.454-25.181-63.715-58.549v-2.229c.034-33.552 27.225-60.743 60.777-60.777h20.259c16.783 0 30.388-13.605 30.388-30.388v-273.497h241.082l-23.004 23.004c-6.422 6.328-10.462 14.679-11.436 23.642l-3.839 34.511c-.316 3.366.004 6.76.942 10.008h-173.356c-5.594 0-10.13 4.535-10.13 10.13 0 5.594 4.535 10.129 10.13 10.129h30.389v273.497c0 5.594 4.535 10.13 10.13 10.13s10.13-4.535 10.13-10.13v-141.813h111.424v81.036h-70.907c-5.594 0-10.129 4.535-10.129 10.129s4.535 10.13 10.129 10.13h202.59c11.189 0 20.259-9.07 20.259-20.259v-151.942c0-5.594-4.535-10.13-10.129-10.13s-10.13 4.535-10.13 10.13v50.647h-243.108v-111.424h148.985c.988.002 1.976-.052 2.958-.162l34.612-3.94c8.785-.997 16.985-4.901 23.298-11.092l96.109-96.23h58.7zm-121.554 243.108v81.036h-111.425v-81.036zm128.543-337.495-14.87 14.88-44.286-44.286 14.88-14.88c1.947-1.998 4.615-3.13 7.405-3.14 2.84.007 5.558 1.153 7.546 3.181l29.295 29.234c2.037 2.006 3.18 4.748 3.171 7.607-.009 2.79-1.141 5.459-3.141 7.404z\"><\/path><\/g><\/g><\/g><\/svg>\t\t\t\t\t<\/div>\r\n\t\t\t\t\t<h4>Architecture<\/h4>\r\n\t\t\t\t\t<div class=\"desc\">Nous avons une vaste exp\u00e9rience en tant qu&#039;entrepreneurs g\u00e9n\u00e9raux dans le secteur de la construction.<\/div>\r\n\t\t\t\t\t<div class=\"circle\"><i class=\"feather feather-chevron-right\"><\/i><\/div>\r\n\t\t\t\t<\/div>\r\n\t\t\t\t<div class=\"service-bg-image\">\r\n\t\t\t\t\t\t\t\t\t<\/div>\r\n\t\t\t\t\t\t\t\t<a href=\"#\" target=\"_blank\" rel=\"nofollow\"><\/a>\r\n\r\n            <\/div>       \r\n\t\t<\/div>\r\n\t\t\t\t<\/div>\n\t\t\t\t<\/div>\n\t\t\t\t\t<\/div>\n\t\t<\/div>\n\t\t\t\t<div class=\"elementor-column elementor-col-25 elementor-inner-column elementor-element elementor-element-a2ee54e\" data-id=\"a2ee54e\" data-element_type=\"column\">\n\t\t\t<div class=\"elementor-widget-wrap elementor-element-populated\">\n\t\t\t\t\t\t<div class=\"elementor-element elementor-element-83bc9c4 elementor-invisible elementor-widget elementor-widget-service-box\" data-id=\"83bc9c4\" data-element_type=\"widget\" data-settings=\"{&quot;_animation&quot;:&quot;fadeInUp&quot;,&quot;_animation_delay&quot;:300}\" data-widget_type=\"service-box.default\">\n\t\t\t\t<div class=\"elementor-widget-container\">\n\t\t\t\t\t<div class=\"ce-service-box \">\r\n            <div class=\"service-wrapper\">            \r\n                <div class=\"service-content\">\r\n\t\t\t\t\t<div class=\"icon\">\r\n\t\t\t\t\t\t<svg xmlns=\"http:\/\/www.w3.org\/2000\/svg\" id=\"Capa_1\" height=\"512\" viewBox=\"0 0 609.621 609.621\" width=\"512\"><g><g id=\"Page-1_41_\"><g id=\"_x30_42---Reinforced-Concrete\"><path id=\"Shape_111_\" d=\"m579.14 101.604c16.799-.083 30.398-13.681 30.481-30.481 0-16.834-13.647-30.481-30.481-30.481h-10.16v-10.16c.06-8.044-3.144-15.768-8.88-21.408-5.661-5.845-13.464-9.122-21.601-9.073-16.834 0-30.481 13.647-30.481 30.481v10.16h-40.641v-10.16c.06-8.044-3.144-15.768-8.88-21.408-5.661-5.845-13.464-9.122-21.601-9.073-16.834 0-30.481 13.647-30.481 30.481v10.16h-40.641v-10.16c.06-8.044-3.144-15.768-8.88-21.408-5.661-5.845-13.464-9.122-21.601-9.073-16.834 0-30.481 13.647-30.481 30.481v10.16h-33.622c0-22.446-18.196-40.641-40.641-40.641h-179.747c-28.043.033-50.768 22.758-50.802 50.801v508.017c.034 28.043 22.759 50.768 50.802 50.802h508.017c28.043-.034 50.768-22.759 50.802-50.802v-179.736c0-22.446-18.196-40.641-40.641-40.641v-33.631h10.16c16.799-.083 30.398-13.681 30.481-30.481 0-16.834-13.647-30.481-30.481-30.481h-10.16v-40.641h10.16c16.799-.083 30.398-13.681 30.481-30.481 0-16.834-13.647-30.481-30.481-30.481h-10.16v-40.641h10.16zm0-40.641c5.611 0 10.16 4.549 10.16 10.16.007 2.74-1.118 5.362-3.109 7.244-1.86 1.884-4.404 2.936-7.051 2.916h-10.16v-20.32zm-50.802-30.481c0-5.611 4.549-10.16 10.16-10.16 2.737-.004 5.354 1.121 7.234 3.109 1.896 1.853 2.953 4.4 2.926 7.051v312.085c-3.546 1.138-6.889 2.306-10.16 3.465-3.272 1.158-6.675 2.347-10.16 3.444zm-81.283 71.122v40.641h-20.321v-40.641zm60.962 0v40.641h-40.641v-40.641zm-142.245 182.886v-20.321h142.245v20.321zm142.245-121.924v20.321h-142.245v-20.321zm-81.283 81.283v-40.641h20.321v40.641zm-60.962 0v-40.641h40.641v40.641zm101.604-40.642h40.641v40.641h-40.641zm-60.962-60.962h-40.641v-40.641h40.641zm-40.642 162.566h40.641v34.108c-12.265-2.578-24.777-3.794-37.309-3.627-1.148 0-2.215.132-3.333.173v-30.654zm60.962 0h20.321v46.616c-6.096-1.585-11.501-3.465-16.978-5.395l-3.343-1.168zm40.642 0h40.641v49.267c-7.865 1.074-15.797 1.586-23.735 1.534-6.35 0-11.888-.274-16.907-.732v-50.069zm-40.642-274.329c0-5.611 4.549-10.16 10.16-10.16 2.737-.004 5.354 1.121 7.234 3.109 1.896 1.853 2.953 4.4 2.926 7.051v10.16h-20.321v-10.16zm81.283 30.481v20.321h-142.245v-20.321zm-182.886-30.481c0-5.611 4.549-10.16 10.16-10.16 2.737-.004 5.354 1.121 7.234 3.109 1.896 1.853 2.953 4.4 2.926 7.051v307.909c-6.975 1.8-13.775 4.217-20.321 7.224v-315.133zm-54.409 172.725h34.088v40.641h-30.654c0-1.148.173-2.245.173-3.414.166-12.503-1.043-24.987-3.607-37.227zm34.088-60.962h-50.06c-.467-5.029-.742-10.597-.742-16.988-.049-7.91.46-15.815 1.524-23.653h49.278zm0 20.321v20.321h-40.022c-.406-1.138-.803-2.296-1.199-3.424-1.92-5.446-3.8-10.811-5.375-16.897zm-33.59 101.603h33.59v20.321h-40.834c3.009-6.547 5.433-13.347 7.244-20.321zm-17.76 40.642h51.35v51.32c-23.003 12.629-33.529 16.805-50.802-.518s-13.157-27.83-.548-50.802zm51.35-223.528h-44.705c1.097-3.495 2.276-6.828 3.465-10.16 1.189-3.333 2.317-6.594 3.444-10.16h37.796zm284.49 297.8v179.736c0 16.834-13.647 30.481-30.481 30.481h-508.017c-16.834 0-30.481-13.647-30.481-30.481v-508.017c0-16.834 13.647-30.481 30.481-30.481h179.736c6.23.007 12.114 2.865 15.972 7.756 3.858 4.892 5.265 11.28 3.821 17.34-1.628 6.401-3.598 12.709-5.903 18.898-7.555 19.416-11.205 40.133-10.739 60.962-.467 20.829 3.183 41.546 10.739 60.962 6.769 17.247 10.026 35.673 9.581 54.195-1.001 18.925-7.049 37.238-17.516 53.037-12.192 22.15-26.082 47.266 3.14 76.507 29.221 29.241 54.317 15.383 76.467 3.15 15.789-10.466 34.091-16.514 53.006-17.516 18.529-.445 36.961 2.813 54.216 9.581 19.415 7.559 40.132 11.209 60.962 10.739 20.831.47 41.548-3.184 60.962-10.75 6.206-2.305 12.532-4.275 18.949-5.903 6.062-1.441 12.451-.03 17.343 3.829s7.751 9.744 7.762 15.975zm-10.16-114.914c5.611 0 10.16 4.549 10.16 10.16.007 2.74-1.118 5.362-3.109 7.244-1.86 1.884-4.404 2.936-7.051 2.916h-10.16v-20.321h10.16zm0-101.603c5.611 0 10.16 4.549 10.16 10.16.007 2.74-1.118 5.362-3.109 7.244-1.86 1.884-4.404 2.936-7.051 2.916h-10.16v-20.321h10.16z\"><\/path><path id=\"Shape_110_\" d=\"m81.283 497.857c-16.834 0-30.481 13.647-30.481 30.481s13.647 30.481 30.481 30.481 30.481-13.647 30.481-30.481-13.647-30.481-30.481-30.481zm0 40.641c-5.611 0-10.16-4.549-10.16-10.16s4.549-10.16 10.16-10.16 10.16 4.549 10.16 10.16c0 5.612-4.549 10.16-10.16 10.16z\"><\/path><path id=\"Shape_109_\" d=\"m182.886 50.802c-16.834 0-30.481 13.647-30.481 30.481s13.647 30.481 30.481 30.481 30.481-13.647 30.481-30.481-13.646-30.481-30.481-30.481zm0 40.642c-5.611 0-10.16-4.549-10.16-10.16s4.549-10.16 10.16-10.16 10.16 4.549 10.16 10.16c.001 5.611-4.548 10.16-10.16 10.16z\"><\/path><g clip-rule=\"evenodd\" fill-rule=\"evenodd\"><circle id=\"Oval\" cx=\"91.443\" cy=\"467.376\" r=\"10.16\"><\/circle><circle id=\"Oval_1_\" cx=\"162.566\" cy=\"142.245\" r=\"10.16\"><\/circle><circle id=\"Oval_2_\" cx=\"548.659\" cy=\"406.414\" r=\"10.16\"><\/circle><path id=\"Path_56_\" d=\"m491.608 500.001c-3.252 2.52-4.663 6.752-3.574 10.72 1.089 3.967 4.462 6.887 8.545 7.394s8.068-1.497 10.095-5.077 1.695-8.029-.841-11.268c-3.447-4.405-9.805-5.195-14.225-1.769z\"><\/path><path id=\"Path_55_\" d=\"m471.288 398.398c-3.252 2.52-4.663 6.752-3.574 10.72 1.089 3.967 4.462 6.887 8.545 7.394s8.068-1.497 10.095-5.077 1.695-8.029-.841-11.268c-3.448-4.405-9.805-5.195-14.225-1.769z\"><\/path><\/g><\/g><\/g><\/g><\/svg>\t\t\t\t\t<\/div>\r\n\t\t\t\t\t<h4>Sinistres<\/h4>\r\n\t\t\t\t\t<div class=\"desc\">Nous avons une expertise approfondie dans la gestion des sinistres et la coordination des travaux de remise en \u00e9tat.\n\n\n<\/div>\r\n\t\t\t\t\t<div class=\"circle\"><i class=\"feather feather-chevron-right\"><\/i><\/div>\r\n\t\t\t\t<\/div>\r\n\t\t\t\t<div class=\"service-bg-image\">\r\n\t\t\t\t\t\t\t\t\t<\/div>\r\n\t\t\t\t\t\t\t\t<a href=\"#\" target=\"_blank\" rel=\"nofollow\"><\/a>\r\n\r\n            <\/div>       \r\n\t\t<\/div>\r\n\t\t\t\t<\/div>\n\t\t\t\t<\/div>\n\t\t\t\t\t<\/div>\n\t\t<\/div>\n\t\t\t\t<div class=\"elementor-column elementor-col-25 elementor-inner-column elementor-element elementor-element-3714240\" data-id=\"3714240\" data-element_type=\"column\">\n\t\t\t<div class=\"elementor-widget-wrap elementor-element-populated\">\n\t\t\t\t\t\t<div class=\"elementor-element elementor-element-f4315d5 elementor-invisible elementor-widget elementor-widget-service-box\" data-id=\"f4315d5\" data-element_type=\"widget\" data-settings=\"{&quot;_animation&quot;:&quot;fadeInUp&quot;,&quot;_animation_delay&quot;:300}\" data-widget_type=\"service-box.default\">\n\t\t\t\t<div class=\"elementor-widget-container\">\n\t\t\t\t\t<div class=\"ce-service-box \">\r\n            <div class=\"service-wrapper\">            \r\n                <div class=\"service-content\">\r\n\t\t\t\t\t<div class=\"icon\">\r\n\t\t\t\t\t\t<svg xmlns=\"http:\/\/www.w3.org\/2000\/svg\" id=\"Capa_1\" height=\"512\" viewBox=\"0 0 607.775 607.775\" width=\"512\"><g><g id=\"Page-1_5_\"><g id=\"_x30_06---Draw-Blueprint\"><path id=\"Shape_17_\" d=\"m607.772 60.352c.037-8.254-3.248-16.176-9.117-21.981l-29.253-29.254c-5.778-5.841-13.654-9.124-21.87-9.117h-.101c-8.166.005-15.987 3.29-21.708 9.117l-132.696 132.696h-261.341v-111.424c0-16.784-13.606-30.389-30.389-30.389h-20.259c-44.734.05-80.986 36.302-81.036 81.036v448.241c2.535 44.393 39.511 78.955 83.974 78.493h493.408c16.783 0 30.388-13.605 30.388-30.388v-405.18c0-16.783-13.605-30.389-30.388-30.389h-38.492l59.764-59.764c5.815-5.724 9.098-13.537 9.116-21.697zm-245.336 192.886c-2.144.292-4.299-.462-5.794-2.026-1.508-1.498-2.253-3.6-2.026-5.713l3.839-34.44c.161-.72.364-1.431.608-2.127l39.9 39.9c-.658.142-1.256.466-1.945.547zm53.068-16.542-44.327-44.337 110.412-110.411 44.306 44.296zm80.368-169.082 15.022-15.012 44.286 44.296-15.012 15.022zm-475.611 13.422c.034-33.552 27.225-60.744 60.777-60.777h20.259c5.594 0 10.13 4.535 10.13 10.129v405.18c0 5.594-4.535 10.129-10.13 10.129h-20.259c-23.271-.007-45.417 10.01-60.777 27.491zm557.123 81.036c5.594 0 10.13 4.535 10.13 10.13v405.18c0 5.594-4.535 10.13-10.13 10.13h-493.408c-33.44.562-61.454-25.181-63.715-58.549v-2.229c.034-33.552 27.225-60.743 60.777-60.777h20.259c16.783 0 30.388-13.605 30.388-30.388v-273.497h241.082l-23.004 23.004c-6.422 6.328-10.462 14.679-11.436 23.642l-3.839 34.511c-.316 3.366.004 6.76.942 10.008h-173.356c-5.594 0-10.13 4.535-10.13 10.13 0 5.594 4.535 10.129 10.13 10.129h30.389v273.497c0 5.594 4.535 10.13 10.13 10.13s10.13-4.535 10.13-10.13v-141.813h111.424v81.036h-70.907c-5.594 0-10.129 4.535-10.129 10.129s4.535 10.13 10.129 10.13h202.59c11.189 0 20.259-9.07 20.259-20.259v-151.942c0-5.594-4.535-10.13-10.129-10.13s-10.13 4.535-10.13 10.13v50.647h-243.108v-111.424h148.985c.988.002 1.976-.052 2.958-.162l34.612-3.94c8.785-.997 16.985-4.901 23.298-11.092l96.109-96.23h58.7zm-121.554 243.108v81.036h-111.425v-81.036zm128.543-337.495-14.87 14.88-44.286-44.286 14.88-14.88c1.947-1.998 4.615-3.13 7.405-3.14 2.84.007 5.558 1.153 7.546 3.181l29.295 29.234c2.037 2.006 3.18 4.748 3.171 7.607-.009 2.79-1.141 5.459-3.141 7.404z\"><\/path><\/g><\/g><\/g><\/svg>\t\t\t\t\t<\/div>\r\n\t\t\t\t\t<h4>Design<\/h4>\r\n\t\t\t\t\t<div class=\"desc\">Nous poss\u00e9dons une solide expertise en design, alliant cr\u00e9ativit\u00e9 et savoir-faire pour concevoir des espaces uniques et fonctionnels.\n\n\n\n\n\n\n\n<\/div>\r\n\t\t\t\t\t<div class=\"circle\"><i class=\"feather feather-chevron-right\"><\/i><\/div>\r\n\t\t\t\t<\/div>\r\n\t\t\t\t<div class=\"service-bg-image\">\r\n\t\t\t\t\t\t\t\t\t<\/div>\r\n\t\t\t\t\t\t\t\t<a href=\"#\" target=\"_blank\" rel=\"nofollow\"><\/a>\r\n\r\n            <\/div>       \r\n\t\t<\/div>\r\n\t\t\t\t<\/div>\n\t\t\t\t<\/div>\n\t\t\t\t\t<\/div>\n\t\t<\/div>\n\t\t\t\t<div class=\"elementor-column elementor-col-25 elementor-inner-column elementor-element elementor-element-12d96d0\" data-id=\"12d96d0\" data-element_type=\"column\">\n\t\t\t<div class=\"elementor-widget-wrap elementor-element-populated\">\n\t\t\t\t\t\t<div class=\"elementor-element elementor-element-eeace0a elementor-invisible elementor-widget elementor-widget-service-box\" data-id=\"eeace0a\" data-element_type=\"widget\" data-settings=\"{&quot;_animation&quot;:&quot;fadeInUp&quot;,&quot;_animation_delay&quot;:300}\" data-widget_type=\"service-box.default\">\n\t\t\t\t<div class=\"elementor-widget-container\">\n\t\t\t\t\t<div class=\"ce-service-box \">\r\n            <div class=\"service-wrapper\">            \r\n                <div class=\"service-content\">\r\n\t\t\t\t\t<div class=\"icon\">\r\n\t\t\t\t\t\t<svg xmlns=\"http:\/\/www.w3.org\/2000\/svg\" height=\"512\" viewBox=\"0 0 64 64\" width=\"512\"><g id=\"Construction_Worker\" data-name=\"Construction Worker\"><path d=\"m25.55762 10.08154c.17773-.14306.36035-.28027.55078-.41064a.9997.9997 0 0 1 1.13281 1.64746q-.22119.15307-.42969.3208a.99985.99985 0 0 1 -1.2539-1.55762z\"><\/path><path d=\"m22.53125 14.729a8.24076 8.24076 0 0 1 1.06641-2.47607 1.0002 1.0002 0 0 1 1.68554 1.07715 6.28535 6.28535 0 0 0 -.81054 1.87646.99964.99964 0 0 1 -1.94141-.47754z\"><\/path><path d=\"m21.5 55.96777h-3a1 1 0 0 1 0-2h3a1 1 0 0 1 0 2z\"><\/path><path d=\"m45.5 55.96777h-3a1 1 0 0 1 0-2h3a1 1 0 0 1 0 2z\"><\/path><path d=\"m54.92773 44.98877c-2.59845-3.293-13.30548-6.744-15.55633-7.44171a39.12871 39.12871 0 0 0 -.49408-4.2049 12.12629 12.12629 0 0 0 3.38147-6.09851 5.97565 5.97565 0 0 0 1.623-1.8208 4.92682 4.92682 0 0 0 .56543-3.85589 2.6279 2.6279 0 0 0 1.709-2.44538 2.73428 2.73428 0 0 0 -1.5332-2.46826 11.77054 11.77054 0 0 0 -8.08359-10.97681 2.14912 2.14912 0 0 0 -2.09412-1.70874h-4.71484a2.14329 2.14329 0 0 0 -2.0647 1.61359 11.90591 11.90591 0 0 0 -8.364 11.11786 2.74657 2.74657 0 0 0 -1.458 2.42236 2.62435 2.62435 0 0 0 1.67047 2.43054 5.48652 5.48652 0 0 0 .12933 2.84681 5.59232 5.59232 0 0 0 2.2793 2.96 13.141 13.141 0 0 0 3.29393 6.07307 38.589 38.589 0 0 0 -.48163 4.12127c-2.32959.69593-12.78986 3.95789-15.37775 7.14844-2.33984 2.88423-3.17676 13.09956-3.26465 14.25483a.99994.99994 0 0 0 1.99414.15137c.22558-2.96631 1.17286-11.11133 2.82325-13.14648.85949-1.05951 3.07531-2.24091 5.58984-3.32416v8.3305h-1a.99974.99974 0 0 0 -1 1v7.06446a1 1 0 0 0 2 0v-6.06446h31v6.06446a1 1 0 0 0 2 0v-7.06446a.99974.99974 0 0 0 -1-1h-1v-8.28064c2.6319 1.1557 4.97424 2.42139 5.85742 3.5409 1.58106 2.00293 2.37988 9.96533 2.55469 12.86426a.99988.99988 0 0 0 1.99609-.12012c-.06738-1.13037-.72851-11.1294-2.98047-13.9834zm-22.93261.061h.01367c2.59863-.00048 5.8584-3.82275 7.14551-5.4746.40045.12677.85931.27728 1.3457.44036v10.95224h-17v-10.93225c.53632-.17425 1.03619-.332 1.47168-.46472 1.25977 1.65332 4.44332 5.46582 7.02344 5.479zm5.44888-6.53836c-1.65008 2.07624-4.12347 4.53839-5.43329 4.53839h-.00586c-1.30011-.00659-3.73407-2.48736-5.34027-4.56152a32.98448 32.98448 0 0 1 .36231-3.52869c3.03294 1.90411 7.12307 1.433 10.01849-.25451a35.18208 35.18208 0 0 1 .39862 3.80633zm-17.08755-20.07977c.98339-.04492.96-1.05615.95214-1.38867l-.00683-.40918a9.85 9.85 0 0 1 6.48321-8.97l.83612 6.52124a1.0005 1.0005 0 0 0 1.98438-.25684l-1.01367-7.83737a.14714.14714 0 0 1 .13867-.12305h4.71484a.14712.14712 0 0 1 .13867.12305l-1.01367 7.8374a1.00047 1.00047 0 0 0 1.98438.25684l.83062-6.42371a9.72115 9.72115 0 0 1 6.23774 8.87244q0 .36328-.02832.72021a1.0019 1.0019 0 0 0 1.01855 1.07764c.266-.065.543.37446.543.68994 0 .4668-.50684.6543-.80664.6919a102.10459 102.10459 0 0 1 -11.31152.6455 104.2545 104.2545 0 0 1 -11.3877-.6455c-.2998-.0376-.80664-.2251-.80664-.6919a.6913.6913 0 0 1 .51267-.68994zm3.43457 8.1001a1.0011 1.0011 0 0 0 -.51172-.69092 3.67953 3.67953 0 0 1 -1.73145-2.05176 3.51 3.51 0 0 1 -.06811-1.87109c3.702.39471 7.9082.541 10.55835.541 2.60589 0 6.74932-.14477 10.43231-.53533a2.98644 2.98644 0 0 1 -.32294 2.5036 4.06286 4.06286 0 0 1 -1.33594 1.38818.99852.99852 0 0 0 -.44336.67529 9.50278 9.50278 0 0 1 -4.665 6.68116c-.15918.08251-3.93653 2.01269-7.17676.34375a10.52771 10.52771 0 0 1 -4.7354-6.98388zm-5.29102 24.43603v-9.15077c1.01709-.39759 2.03693-.77155 3-1.10767v10.25844zm27 0h-3v-10.2572c.96039.34516 1.97827.729 3 1.13831z\"><\/path><path d=\"m31.98828 19.21777c-2.10449-.00048-5.13086-.18945-8.09473-.50537a.99985.99985 0 0 1 .2129-1.98828c2.89746.30859 5.84375.49317 7.88183.49365 2.41211-.00048 5.665-.25586 7.90625-.49414a.99976.99976 0 0 1 .21094 1.98828c-1.11133.11866-4.98242.50538-8.11719.50586z\"><\/path><\/g><\/svg>\t\t\t\t\t<\/div>\r\n\t\t\t\t\t<h4>Devis personalis\u00e9<\/h4>\r\n\t\t\t\t\t<div class=\"desc\">Nous offrons des devis personnalis\u00e9s, adapt\u00e9s \u00e0 vos besoins et \u00e0 votre budget, pour un service sur mesure.\n\n\n\n\n\n\n\n<\/div>\r\n\t\t\t\t\t<div class=\"circle\"><i class=\"feather feather-chevron-right\"><\/i><\/div>\r\n\t\t\t\t<\/div>\r\n\t\t\t\t<div class=\"service-bg-image\">\r\n\t\t\t\t\t\t\t\t\t<\/div>\r\n\t\t\t\t\t\t\t\t<a href=\"#\" target=\"_blank\" rel=\"nofollow\"><\/a>\r\n\r\n            <\/div>       \r\n\t\t<\/div>\r\n\t\t\t\t<\/div>\n\t\t\t\t<\/div>\n\t\t\t\t\t<\/div>\n\t\t<\/div>\n\t\t\t\t\t<\/div>\n\t\t<\/section>\n\t\t\t\t\t<\/div>\n\t\t<\/div>\n\t\t\t\t\t<\/div>\n\t\t<\/section>\n\t\t\t\t<\/div>\n\t\t","protected":false},"excerpt":{"rendered":"<p>Nos clients Des solutions pour construire, g\u00e9rer et restaurer, avec la satisfaction client au c\u0153ur Nous sommes une entreprise ind\u00e9pendante et de confiance, sp\u00e9cialis\u00e9e dans les services de construction et les am\u00e9liorations de l&rsquo;habitat. Avec une vaste exp\u00e9rience sur des projets de toutes tailles \u2013 de l&rsquo;entretien aux r\u00e9novations, extensions et nouvelles constructions \u2013 nous [&hellip;]<\/p>\n","protected":false},"author":1,"featured_media":3836,"parent":0,"menu_order":0,"comment_status":"closed","ping_status":"closed","template":"","meta":{"footnotes":""},"class_list":["post-2049","page","type-page","status-publish","has-post-thumbnail","hentry"],"_links":{"self":[{"href":"https:\/\/www.pascalothats.com\/index.php?rest_route=\/wp\/v2\/pages\/2049","targetHints":{"allow":["GET"]}}],"collection":[{"href":"https:\/\/www.pascalothats.com\/index.php?rest_route=\/wp\/v2\/pages"}],"about":[{"href":"https:\/\/www.pascalothats.com\/index.php?rest_route=\/wp\/v2\/types\/page"}],"author":[{"embeddable":true,"href":"https:\/\/www.pascalothats.com\/index.php?rest_route=\/wp\/v2\/users\/1"}],"replies":[{"embeddable":true,"href":"https:\/\/www.pascalothats.com\/index.php?rest_route=%2Fwp%2Fv2%2Fcomments&post=2049"}],"version-history":[{"count":29,"href":"https:\/\/www.pascalothats.com\/index.php?rest_route=\/wp\/v2\/pages\/2049\/revisions"}],"predecessor-version":[{"id":3842,"href":"https:\/\/www.pascalothats.com\/index.php?rest_route=\/wp\/v2\/pages\/2049\/revisions\/3842"}],"wp:featuredmedia":[{"embeddable":true,"href":"https:\/\/www.pascalothats.com\/index.php?rest_route=\/wp\/v2\/media\/3836"}],"wp:attachment":[{"href":"https:\/\/www.pascalothats.com\/index.php?rest_route=%2Fwp%2Fv2%2Fmedia&parent=2049"}],"curies":[{"name":"wp","href":"https:\/\/api.w.org\/{rel}","templated":true}]}}